{"id":816,"date":"2021-03-22T14:16:56","date_gmt":"2021-03-22T14:16:56","guid":{"rendered":"http:\/\/crb.com.ar\/?page_id=816"},"modified":"2024-02-27T18:19:07","modified_gmt":"2024-02-27T18:19:07","slug":"comision-directiva-2023","status":"publish","type":"page","link":"https:\/\/crb.com.ar\/?page_id=816","title":{"rendered":"Comision Directiva 2023"},"content":{"rendered":"\n<figure class=\"wp-block-table\"><table><tbody><tr><td><strong>CARGO<\/strong><\/td><td><strong>APELLIDO Y NOMBRE<\/strong><\/td><\/tr><tr><td>Presidente<\/td><td>Bagal\u00e1 Leonardo<\/td><\/tr><tr><td>Vicepresidente<\/td><td>Le\u00f3n Esteban<\/td><\/tr><tr><td>Secretario<\/td><td>Cvitanich Sebasti\u00e1n<\/td><\/tr><tr><td>Pro secretario<\/td><td>Willi Pablo<\/td><\/tr><tr><td>Tesorero<\/td><td>Orqueida Sebasti\u00e1n<\/td><\/tr><tr><td>Pro tesorero<\/td><td>G\u00f3mez Pablo<\/td><\/tr><tr><td>Vocal titular<\/td><td>Kaplan Mat\u00edas<\/td><\/tr><tr><td>Vocal titular<\/td><td>Padr\u00f3s Juli\u00e1n<\/td><\/tr><tr><td>Vocal titular<\/td><td>Kristiaan Patricia<\/td><\/tr><tr><td>Vocal titular<\/td><td>Sassone Leonardo<\/td><\/tr><tr><td>Vocal titular<\/td><td>Braillard Germ\u00e1n<\/td><\/tr><tr><td>Vocal Suplente<\/td><td>Descalzo Carla<\/td><\/tr><tr><td>Vocal Suplente<\/td><td>Dieser Aimar Lucas<\/td><\/tr><tr><td>Vocal Suplente<\/td><td>Jares Florencia<\/td><\/tr><tr><td>Vocal Suplente<\/td><td>Barattini Fernando<\/td><\/tr><tr><td>Vocal Suplente<\/td><td>Campillo Celso<\/td><\/tr><tr><td>Revisor de cuentas titular<\/td><td>Formica Natalia<\/td><\/tr><tr><td>Revisor de cuentas titular<\/td><td>Canteli Luciana<\/td><\/tr><tr><td>Revisor de cuentas titular<\/td><td>Amicone Sebasti\u00e1n<\/td><\/tr><tr><td>Revisor de cuentas suplente<\/td><td>Maglione Miguel<\/td><\/tr><tr><td>Revisor de cuentas suplente<\/td><td>Ramos Ana Silvia<\/td><\/tr><\/tbody><\/table><\/figure>\n","protected":false},"excerpt":{"rendered":"<p>CARGO APELLIDO Y NOMBRE Presidente Bagal\u00e1 Leonardo Vicepresidente Le\u00f3n Esteban Secretario Cvitanich Sebasti\u00e1n Pro secretario Willi Pablo Tesorero Orqueida Sebasti\u00e1n Pro tesorero G\u00f3mez Pablo Vocal titular Kaplan Mat\u00edas Vocal titular Padr\u00f3s Juli\u00e1n Vocal titular Kristiaan Patricia Vocal titular Sassone Leonardo Vocal titular Braillard Germ\u00e1n Vocal Suplente Descalzo Carla Vocal Suplente Dieser Aimar Lucas Vocal Suplente&hellip;<\/p>\n","protected":false},"author":1,"featured_media":0,"parent":0,"menu_order":0,"comment_status":"closed","ping_status":"closed","template":"","meta":{"footnotes":""},"class_list":["post-816","page","type-page","status-publish","hentry"],"_links":{"self":[{"href":"https:\/\/crb.com.ar\/index.php?rest_route=\/wp\/v2\/pages\/816","targetHints":{"allow":["GET"]}}],"collection":[{"href":"https:\/\/crb.com.ar\/index.php?rest_route=\/wp\/v2\/pages"}],"about":[{"href":"https:\/\/crb.com.ar\/index.php?rest_route=\/wp\/v2\/types\/page"}],"author":[{"embeddable":true,"href":"https:\/\/crb.com.ar\/index.php?rest_route=\/wp\/v2\/users\/1"}],"replies":[{"embeddable":true,"href":"https:\/\/crb.com.ar\/index.php?rest_route=%2Fwp%2Fv2%2Fcomments&post=816"}],"version-history":[{"count":5,"href":"https:\/\/crb.com.ar\/index.php?rest_route=\/wp\/v2\/pages\/816\/revisions"}],"predecessor-version":[{"id":1285,"href":"https:\/\/crb.com.ar\/index.php?rest_route=\/wp\/v2\/pages\/816\/revisions\/1285"}],"wp:attachment":[{"href":"https:\/\/crb.com.ar\/index.php?rest_route=%2Fwp%2Fv2%2Fmedia&parent=816"}],"curies":[{"name":"wp","href":"https:\/\/api.w.org\/{rel}","templated":true}]}}