{"id":37,"date":"2020-04-22T14:41:31","date_gmt":"2020-04-22T14:41:31","guid":{"rendered":"http:\/\/crb.com.ar\/?page_id=37"},"modified":"2025-07-11T16:27:35","modified_gmt":"2025-07-11T16:27:35","slug":"informacion-general","status":"publish","type":"page","link":"https:\/\/crb.com.ar\/","title":{"rendered":"Informaci\u00f3n General"},"content":{"rendered":"\n<h2 class=\"wp-block-heading\">Horarios<\/h2>\n\n\n\n<p><strong>Secretar\u00eda \u2013 Administraci\u00f3n<\/strong><\/p>\n\n\n\n<p>Lunes a Viernes de 8:00 a 19:45 hs<\/p>\n\n\n\n<p>S\u00e1bados de 10 a 17:45hs<\/p>\n\n\n\n<p>Domingos &#8211; cerrado<\/p>\n\n\n\n<p><strong>Tel\u00e9fonos<\/strong><\/p>\n\n\n\n<p><a href=\"http:\/\/wa.link\/w66lt3\" target=\"_blank\" rel=\"noreferrer noopener\"><strong>03329-15-308639<\/strong><\/a> (Hace click en el n\u00famero para iniciar una conversaci\u00f3n por WhatsApp)<\/p>\n\n\n\n<p>Nueva l\u00ednea: 03329-605925 <\/p>\n\n\n\n<p><strong>Porter\u00eda<\/strong><\/p>\n\n\n\n<p>Atenci\u00f3n las 24hs<\/p>\n\n\n\n<p><a href=\"https:\/\/wa.link\/14t4pf\" target=\"_blank\" rel=\"noreferrer noopener\"><strong>03329-15-308786<\/strong><\/a> (Hace click en el n\u00famero para iniciar una conversaci\u00f3n por WhatsApp)<\/p>\n\n\n\n<h2 class=\"wp-block-heading\">Contactos<\/h2>\n\n\n\n<p>La direcci\u00f3n de e-mail para contactarse con la Secretar\u00eda del Club es la siguiente: <a rel=\"noreferrer noopener\" href=\"mailto:secretaria@crb.com.ar\" target=\"_blank\">secretaria@crb.com.ar<\/a><\/p>\n\n\n\n<p>La direcci\u00f3n de e-mail para contactarse con el \u00e1rea de Deportes del Club es la siguiente: <a rel=\"noreferrer noopener\" href=\"mailto:deportes@crb.com.ar\" target=\"_blank\">deportes@crb.com.ar<\/a><\/p>\n\n\n\n<p>Para cualquier tipo otro tipo de consulta, enviar un email a <a href=\"mailto:info@crb.com.ar\">info@crb.com.ar<\/a> o completar el siguiente <a href=\"http:\/\/crb.com.ar\/?page_id=734\">formulario<\/a>.<\/p>\n\n\n\n<p>Se recibir\u00e1n consultas tambi\u00e9n a trav\u00e9s de nuestras redes sociales oficiales:<\/p>\n\n\n\n<ul class=\"wp-block-list\">\n<li>Facebook: <a rel=\"noreferrer noopener\" href=\"https:\/\/www.facebook.com\/regatas.baradero\" target=\"_blank\">https:\/\/www.facebook.com\/regatas.baradero<\/a><\/li>\n\n\n\n<li>Instagram: <a rel=\"noreferrer noopener\" href=\"https:\/\/www.instagram.com\/clubregatasbaradero\" target=\"_blank\">https:\/\/www.instagram.com\/clubregatasbaradero<\/a><\/li>\n<\/ul>\n\n\n\n<p><\/p>\n","protected":false},"excerpt":{"rendered":"<p>Horarios Secretar\u00eda \u2013 Administraci\u00f3n Lunes a Viernes de 8:00 a 19:45 hs S\u00e1bados de 10 a 17:45hs Domingos &#8211; cerrado Tel\u00e9fonos 03329-15-308639 (Hace click en el n\u00famero para iniciar una conversaci\u00f3n por WhatsApp) Nueva l\u00ednea: 03329-605925 Porter\u00eda Atenci\u00f3n las 24hs 03329-15-308786 (Hace click en el n\u00famero para iniciar una conversaci\u00f3n por WhatsApp) Contactos La direcci\u00f3n&hellip;<\/p>\n","protected":false},"author":1,"featured_media":0,"parent":0,"menu_order":0,"comment_status":"closed","ping_status":"closed","template":"","meta":{"footnotes":""},"class_list":["post-37","page","type-page","status-publish","hentry"],"_links":{"self":[{"href":"https:\/\/crb.com.ar\/index.php?rest_route=\/wp\/v2\/pages\/37","targetHints":{"allow":["GET"]}}],"collection":[{"href":"https:\/\/crb.com.ar\/index.php?rest_route=\/wp\/v2\/pages"}],"about":[{"href":"https:\/\/crb.com.ar\/index.php?rest_route=\/wp\/v2\/types\/page"}],"author":[{"embeddable":true,"href":"https:\/\/crb.com.ar\/index.php?rest_route=\/wp\/v2\/users\/1"}],"replies":[{"embeddable":true,"href":"https:\/\/crb.com.ar\/index.php?rest_route=%2Fwp%2Fv2%2Fcomments&post=37"}],"version-history":[{"count":20,"href":"https:\/\/crb.com.ar\/index.php?rest_route=\/wp\/v2\/pages\/37\/revisions"}],"predecessor-version":[{"id":1619,"href":"https:\/\/crb.com.ar\/index.php?rest_route=\/wp\/v2\/pages\/37\/revisions\/1619"}],"wp:attachment":[{"href":"https:\/\/crb.com.ar\/index.php?rest_route=%2Fwp%2Fv2%2Fmedia&parent=37"}],"curies":[{"name":"wp","href":"https:\/\/api.w.org\/{rel}","templated":true}]}}