{"id":986,"date":"2022-03-23T22:19:19","date_gmt":"2022-03-23T22:19:19","guid":{"rendered":"https:\/\/crb.com.ar\/?page_id=986"},"modified":"2024-02-27T18:21:44","modified_gmt":"2024-02-27T18:21:44","slug":"comision-directiva-2021","status":"publish","type":"page","link":"http:\/\/crb.com.ar\/?page_id=986","title":{"rendered":"Comisi\u00f3n Directiva 2021"},"content":{"rendered":"\n<figure class=\"wp-block-table\"><table><tbody><tr><td><strong>CARGO<\/strong><\/td><td><strong>APELLIDO Y NOMBRE<\/strong><\/td><\/tr><tr><td>Presidente<\/td><td>Bagal\u00e1 Leonardo<\/td><\/tr><tr><td>Vicepresidente<\/td><td>Le\u00f3n Esteban<\/td><\/tr><tr><td>Secretario<\/td><td>Cvitanich Sebasti\u00e1n<\/td><\/tr><tr><td>Pro secretario<\/td><td>Willi Pablo<\/td><\/tr><tr><td>Tesorero<\/td><td>Rothen Alejandro<\/td><\/tr><tr><td>Pro tesorero<\/td><td>G\u00f3mez Pablo<\/td><\/tr><tr><td>Vocal titular<\/td><td>Kaplan Mat\u00edas<\/td><\/tr><tr><td>Vocal titular<\/td><td>Kristiaan Patricia<\/td><\/tr><tr><td>Vocal titular<\/td><td>Amicone Sebasti\u00e1n<\/td><\/tr><tr><td>Vocal titular<\/td><td>Brailliard Germ\u00e1n<\/td><\/tr><tr><td>Vocal titular<\/td><td>Padr\u00f3s Juli\u00e1n<\/td><\/tr><tr><td>Vocal suplente<\/td><td>Descalzo Carla<\/td><\/tr><tr><td>Vocal suplente<\/td><td>Sassone Leonardo<\/td><\/tr><tr><td>Vocal suplente<\/td><td>Orqueida Sebasti\u00e1n<\/td><\/tr><tr><td>Vocal suplente<\/td><td>Esponda Natalia<\/td><\/tr><tr><td>Vocal suplente<\/td><td>Rempel Eric<\/td><\/tr><tr><td>Revisor de cuenta titular<\/td><td>Formica Natalia<\/td><\/tr><tr><td>Revisor de cuenta titular<\/td><td>Canteli Luciana<\/td><\/tr><tr><td>Revisor de cuenta titular<\/td><td>Le\u00f3n Daniel<\/td><\/tr><tr><td>Revisor de cuenta suplente<\/td><td>Ramos Ana Silvia<\/td><\/tr><tr><td>Revisor de cuenta suplente<\/td><td>Bizzotto Juan Pablo<\/td><\/tr><\/tbody><\/table><\/figure>\n","protected":false},"excerpt":{"rendered":"<p>CARGO APELLIDO Y NOMBRE Presidente Bagal\u00e1 Leonardo Vicepresidente Le\u00f3n Esteban Secretario Cvitanich Sebasti\u00e1n Pro secretario Willi Pablo Tesorero Rothen Alejandro Pro tesorero G\u00f3mez Pablo Vocal titular Kaplan Mat\u00edas Vocal titular Kristiaan Patricia Vocal titular Amicone Sebasti\u00e1n Vocal titular Brailliard Germ\u00e1n Vocal titular Padr\u00f3s Juli\u00e1n Vocal suplente Descalzo Carla Vocal suplente Sassone Leonardo Vocal suplente Orqueida&hellip;<\/p>\n","protected":false},"author":1,"featured_media":0,"parent":0,"menu_order":0,"comment_status":"closed","ping_status":"closed","template":"","meta":{"footnotes":""},"class_list":["post-986","page","type-page","status-publish","hentry"],"_links":{"self":[{"href":"http:\/\/crb.com.ar\/index.php?rest_route=\/wp\/v2\/pages\/986","targetHints":{"allow":["GET"]}}],"collection":[{"href":"http:\/\/crb.com.ar\/index.php?rest_route=\/wp\/v2\/pages"}],"about":[{"href":"http:\/\/crb.com.ar\/index.php?rest_route=\/wp\/v2\/types\/page"}],"author":[{"embeddable":true,"href":"http:\/\/crb.com.ar\/index.php?rest_route=\/wp\/v2\/users\/1"}],"replies":[{"embeddable":true,"href":"http:\/\/crb.com.ar\/index.php?rest_route=%2Fwp%2Fv2%2Fcomments&post=986"}],"version-history":[{"count":2,"href":"http:\/\/crb.com.ar\/index.php?rest_route=\/wp\/v2\/pages\/986\/revisions"}],"predecessor-version":[{"id":1289,"href":"http:\/\/crb.com.ar\/index.php?rest_route=\/wp\/v2\/pages\/986\/revisions\/1289"}],"wp:attachment":[{"href":"http:\/\/crb.com.ar\/index.php?rest_route=%2Fwp%2Fv2%2Fmedia&parent=986"}],"curies":[{"name":"wp","href":"https:\/\/api.w.org\/{rel}","templated":true}]}}