{"id":33,"date":"2020-04-22T14:41:31","date_gmt":"2020-04-22T14:41:31","guid":{"rendered":"http:\/\/crb.com.ar\/?page_id=33"},"modified":"2020-04-25T19:35:21","modified_gmt":"2020-04-25T19:35:21","slug":"institucion-2","status":"publish","type":"page","link":"http:\/\/crb.com.ar\/?page_id=33","title":{"rendered":"Instituci\u00f3n"},"content":{"rendered":"\n<p>En el a\u00f1o 2020 se renueva la Comisi\u00f3n Directiva presidida por Leonardo Bagal\u00e1, en un momento hist\u00f3rico mundial con aislamiento social debido al COVID-19, la sede del club permanece cerrada como as\u00ed suspendidas todas las actividades. La situaci\u00f3n econ\u00f3mica del club es incierta. La Comisi\u00f3n Directiva, inmediatamente al asumir los cargos, se encuentra trabajando para mantener los puestos de todos los empleados del club, realizando las tareas de mantenimiento del predio, mejorando los procesos administrativos, planificando actividades deportivas y solicitando apoyo a toda la masa societaria del Club de Regatas Baradero.<\/p>\n\n\n\n<p><strong>S\u00edntesis hist\u00f3rica<\/strong><\/p>\n\n\n\n<p>El d\u00eda 23 de Enero de 1927, por iniciativa del Dr.Justino Lamarque y junto a los Sres. V\u00edctor Zanni, H\u00e9ctor Barros, Arturo Touzet, Juan B. Tussio y otros, todos amantes de la  n\u00e1utica, decidieron fundar un Club de Regatas para la realizaci\u00f3n de tal disciplina.<\/p>\n\n\n\n<p>La Comisi\u00f3n Directiva del Club dicta el primer estatuto y establece como los colores de la Instituci\u00f3n el rojo, blanco y celeste.<\/p>\n\n\n\n<p>La bandera ser\u00e1 un tri\u00e1ngulo is\u00f3sceles dividido en tres franjas paralelas. La central, de color blanco, llevar\u00e1 las iniciales del Club estampadas en negro.<\/p>\n\n\n\n<p>En el a\u00f1o 1929, el Honorable Concejo Deliberante de la localidad, cede un terreno inmediato a la Avenida Costanera, que ser\u00e1 utilizado para la construcci\u00f3n del edificio.<br>Materiales donados, subsidios municipales y distintos eventos que se realizan permiten la recaudaci\u00f3n de fondos para la concreci\u00f3n de la obra.<\/p>\n\n\n\n<p>Corriendo el a\u00f1o 1932, siendo presidente el Sr. Fernando Ros\u00f3n, se inicia la deseada construcci\u00f3n del edificio.<br>Los socios colaboran ampliamente y se efectiviza la construcci\u00f3n del muelle y el Balneario Rocha.<br>Se compran las primeras embarcaciones, botes y canoas. <br>Se adquieren los elementos necesarios y adem\u00e1s se trabaja denodadamente para mostrar lo que se puede hacer: deporte y recreaci\u00f3n\u2026<br>\u00c1rboles que ofrecer\u00e1n sombra, bailes, almuerzos y mejoras permanentes atraviesan los a\u00f1os 1933, 1934, 1935, 1936\u2026 1939.<\/p>\n\n\n\n<p>16\/02\/1941\u2026 Fecha importante para la Instituci\u00f3n y la masa societaria.<br>Quedan inauguradas las canchas de tenis. Un nuevo deporte ha puesto anclas en la sede.<\/p>\n\n\n\n<p>A partir de entonces, torneos y visitas de tenistas de renombre dejaron un lindo recuerdo en el lugar.<br>Hasta aqu\u00ed muchos ciudadanos comprometidos pasaron por la presidencia: Jos\u00e9 Chiappara, Fernando Ros\u00f3n, Juan Poletti, Antonio Barbich, Gaspar Barbich, Armando Rosso, C. Rithner\u2026<\/p>\n\n\n\n<p>A\u00f1o 1945\u2026 se inicia la construcci\u00f3n de una pileta de nataci\u00f3n de 25 metros de largo\u2026.<br>La obra social contin\u00faa, una pileta para ni\u00f1os, mejoras en la pileta de adultos (trampol\u00edn, barandas y escaleras), tel\u00e9fono, Competencias varias en distintas disciplinas.<\/p>\n\n\n\n<p>En el a\u00f1o 1952 y siendo presidente el Sr. P. Berniger, se comienza con la construcci\u00f3n de un sal\u00f3n buffet y ba\u00f1os, Canchas de bochas, parrillas, caminos de lajas, cancha de b\u00e1squet,\u2026 tribunas, construcci\u00f3n de cocina, adquisici\u00f3n de muebles y de aparatos de confort para uso de los socios.<\/p>\n\n\n\n<p>Pasan los a\u00f1os\u2026 ya estamos en 1963\u2026, han sido presidentes: H. Di Ci\u00f3, J. Cervera, P. Berniger, Fernando Ros\u00f3n, E. Kladesh, P. Jeanmaire, N. Genoud, O. Gallastegui, A. Schattel, Ra\u00fal Padr\u00f3s\u2026 muchas obras\u2026 grandes eventos\u2026 caracter\u00edsticas que trazaron la filosof\u00eda de este Club social y deportivo\u2026<\/p>\n\n\n\n<p>Carreras n\u00e1uticas, campeonatos y eventos sociales, cargados de buen gusto y gran aceptaci\u00f3n por parte de los socios vienen marcando trayectoria, distinci\u00f3n y jerarqu\u00eda\u2026<\/p>\n\n\n\n<p>A\u00f1o 1966\u2026 varias subcomisiones apoyan la obra de la Comisi\u00f3n Directiva.<\/p>\n\n\n\n<p>Se realizan competencias de canotaje, de nataci\u00f3n, campeonatos de b\u00e1squet, torneos internos e \u00ednter clubes, olimp\u00edadas con buenas marcas y mejores puestos.<br>Ra\u00eddes acu\u00e1ticos con representantes de talla: Juan Pulido y R.Gianeraday.<\/p>\n\n\n\n<p>Llegamos a la d\u00e9cada del 80\u2026 R. Deleglise es el presidente \u2026 se impulsan los torneos de nataci\u00f3n y se obtienen premios en quince categor\u00edas. En esta d\u00e9cada todos los deportes se destacaron.<\/p>\n\n\n\n<p>Y\u2026 A pesar de las contingencias de la naturaleza, que a trav\u00e9s de las inundaciones, arras\u00f3 con lo construido y mejorado \u2026 el esp\u00edritu solidario y la vocaci\u00f3n de servicio de los asociados impulsa acciones y se contin\u00faa por el camino trazado hace tantos a\u00f1os\u2026<\/p>\n\n\n\n<p>Deportistas destacados, participaci\u00f3n efectiva, gestiones eficientes\u2026 Avatares del destino \u2026 naturaleza intimidante \u2026 marco propicio e invitante a la optimizaci\u00f3n de la sede social. <\/p>\n\n\n\n<p>En esta \u00e9poca de crecientes esfuerzos, sus presidentes fueron: H. Basile, J.J. Bralo, G . Ambrosio, J. Genoud, S. Baigorria, E. Bernardi, A Sprenger.<br>En este per\u00edodo las obras han sido de envergadura La Comisi\u00f3n Directiva comenz\u00f3 con peque\u00f1as obras, pero todo fue sostenido en el tiempo mejoras como : La entrada al Club, la confiter\u00eda, ampliaci\u00f3n del solarium, construcci\u00f3n del pavimento, reparaci\u00f3n y construcci\u00f3n de quinchos, ampliaci\u00f3n y mejora de la red de agua y de la instalaci\u00f3n de la red el\u00e9ctrica, incluyendo cableados que protegen y aseguran la estad\u00eda del asociado. Reciclado de la antigua casa del encargado del Club.<\/p>\n\n\n\n<p>Otra obra digna de destacar es la construcci\u00f3n la pileta Climatizada obra social y deportiva mas importante\u2026 esto fue un sue\u00f1o de muchos que pudo convertirse en realidad por un gran esfuerzo Y en la parte deportiva Torneos de f\u00fatbol, b\u00e1squet con participaci\u00f3n en distintas categor\u00edas, intra e inter clubes y de destacada actuaci\u00f3n en todas ellas. Torneo Provincial de B\u00e1squet, j\u00f3venes destacados que impulsados por organizadas comisiones desarrollaron actividades de sana recreaci\u00f3n.<\/p>\n\n\n\n<p>Y en la parte deportiva Torneos de f\u00fatbol, b\u00e1squet con participaci\u00f3n en distintas categor\u00edas, intra e inter clubes y de destacada actuaci\u00f3n en todas ellas. Torneo Provincial de B\u00e1squet, j\u00f3venes destacados que impulsados por organizadas comisiones desarrollaron actividades de sana recreaci\u00f3n.<\/p>\n\n\n\n<p>Y qu\u00e9 decir de la nataci\u00f3n\u2026 ya funcionaba entonces la escuela de nataci\u00f3n dirigida por el Prof. Marcos Ottina, que merced a los logros obtenidos crece y crece logrando que se puedan federar varios integrantes y obtener los primeros t\u00edtulos a nivel Nacional del Club y de Baradero por el nadador Mart\u00edn Flores, 1\u00ba Campe\u00f3n Argentino de nataci\u00f3n en 50 mts. mariposa y muchos mas j\u00f3venes nadadores destacados y premiados en el \u00e1mbito provincial.<\/p>\n\n\n\n<p>El d\u00eda 28 de Noviembre, en el sal\u00f3n de la Casa Suiza, la Comisi\u00f3n organizadora de la entrega de la Orden \u201cC\u00f3ndor del Varadero\u201d hace merecedora a nuestra Instituci\u00f3n de tal distinci\u00f3n por la trayectoria y crecimiento de la misma, recibida por el Presidente Enrique Bernardi de manos del socio vitalicio m\u00e1s antiguo Sr. Carlos Guidotti.<\/p>\n\n\n\n<p>A\u00f1o 2006 una nueva comisi\u00f3n Presidida por Juan B. Aratte y con orientaci\u00f3n deportiva, logra importantes cambios en todas las actividades, reorganizando cada una de ellas y logrando importantes eventos a nivel Nacional como la Regata 2\u00ba fecha de la copa Argentina de canotaje en la especialidad marat\u00f3n, en la parte edilicia se realizan importantes mejoras en la pileta climatizada, reconstrucci\u00f3n de canchas de Tenis y la construcci\u00f3n de un nuevo sal\u00f3n de botes en el sector de la costa para mejoramiento de la actividad deportiva y social.<\/p>\n\n\n\n<p>A\u00f1o 2008 se renueva la comisi\u00f3n y pasa a presidir su actual presidente Guillermo J. Grigoni, sin descuidar la faz deportiva, se logran mejoramientos en salones sociales, quinchos, se comienza la construcci\u00f3n de un tapial perimetral sobre calle Serrano y lo que ser\u00e1 la obra mas importante, es aprobado en la Asamblea anual, el Proyecto<br>para la construcci\u00f3n de un gimnasio deportivo cerrado, obra que permitir\u00e1 en un futuro crecer deportiva y socialmente a los mas altos niveles zonales y nacionales como instituci\u00f3n.<\/p>\n\n\n\n<p>A\u00f1o 2009\u2026 Club Regatas Baradero, Instituci\u00f3n social y deportiva de \u00e9xitos crecientes \u2026 masa social en constante alza \u2026 impulso activo de todos los integrantes \u2026 se puede decir con firmeza que aquellos fundadores pueden estar orgullosos de haber sentado las bases de esta reconocida y querida Instituci\u00f3n.<\/p>\n\n\n\n<p><\/p>\n","protected":false},"excerpt":{"rendered":"<p>En el a\u00f1o 2020 se renueva la Comisi\u00f3n Directiva presidida por Leonardo Bagal\u00e1, en un momento hist\u00f3rico mundial con aislamiento social debido al COVID-19, la sede del club permanece cerrada como as\u00ed suspendidas todas las actividades. La situaci\u00f3n econ\u00f3mica del club es incierta. La Comisi\u00f3n Directiva, inmediatamente al asumir los cargos, se encuentra trabajando para&hellip;<\/p>\n","protected":false},"author":1,"featured_media":0,"parent":0,"menu_order":0,"comment_status":"closed","ping_status":"closed","template":"","meta":{"footnotes":""},"class_list":["post-33","page","type-page","status-publish","hentry"],"_links":{"self":[{"href":"http:\/\/crb.com.ar\/index.php?rest_route=\/wp\/v2\/pages\/33","targetHints":{"allow":["GET"]}}],"collection":[{"href":"http:\/\/crb.com.ar\/index.php?rest_route=\/wp\/v2\/pages"}],"about":[{"href":"http:\/\/crb.com.ar\/index.php?rest_route=\/wp\/v2\/types\/page"}],"author":[{"embeddable":true,"href":"http:\/\/crb.com.ar\/index.php?rest_route=\/wp\/v2\/users\/1"}],"replies":[{"embeddable":true,"href":"http:\/\/crb.com.ar\/index.php?rest_route=%2Fwp%2Fv2%2Fcomments&post=33"}],"version-history":[{"count":7,"href":"http:\/\/crb.com.ar\/index.php?rest_route=\/wp\/v2\/pages\/33\/revisions"}],"predecessor-version":[{"id":91,"href":"http:\/\/crb.com.ar\/index.php?rest_route=\/wp\/v2\/pages\/33\/revisions\/91"}],"wp:attachment":[{"href":"http:\/\/crb.com.ar\/index.php?rest_route=%2Fwp%2Fv2%2Fmedia&parent=33"}],"curies":[{"name":"wp","href":"https:\/\/api.w.org\/{rel}","templated":true}]}}