{"id":1576,"date":"2025-04-08T17:28:35","date_gmt":"2025-04-08T17:28:35","guid":{"rendered":"https:\/\/crb.com.ar\/?page_id=1576"},"modified":"2025-04-08T17:28:35","modified_gmt":"2025-04-08T17:28:35","slug":"comision-directiva-2024","status":"publish","type":"page","link":"http:\/\/crb.com.ar\/?page_id=1576","title":{"rendered":"Comision Directiva 2024"},"content":{"rendered":"\n<figure class=\"wp-block-table\"><table class=\"has-fixed-layout\"><tbody><tr><td><strong>CARGO<\/strong><\/td><td><strong>APELLIDO Y NOMBRE<\/strong><\/td><\/tr><tr><td>Presidente<\/td><td>Bagal\u00e1 Leonardo<\/td><\/tr><tr><td>Vicepresidente<\/td><td>Le\u00f3n Esteban<\/td><\/tr><tr><td>Secretario<\/td><td>Cvitanich Sebasti\u00e1n<\/td><\/tr><tr><td>Pro secretario<\/td><td>Willi Pablo<\/td><\/tr><tr><td>Tesorero<\/td><td>Orqueida Sebasti\u00e1n<\/td><\/tr><tr><td>Pro tesorero<\/td><td>G\u00f3mez Pablo<\/td><\/tr><tr><td>Vocal titular<\/td><td>Sassone Leonardo<\/td><\/tr><tr><td>Vocal titular<\/td><td>Maglione Miguel<\/td><\/tr><tr><td>Vocal titular<\/td><td>Braillard Germ\u00e1n<\/td><\/tr><tr><td>Vocal titular<\/td><td>Ochoa Alberto<\/td><\/tr><tr><td>Vocal titular<\/td><td>Martig Marcos<\/td><\/tr><tr><td>Vocal Suplente<\/td><td>Canteli Luciana<\/td><\/tr><tr><td>Vocal Suplente<\/td><td>Dieser Aimar Lucas<\/td><\/tr><tr><td>Vocal Suplente<\/td><td>Campillo Celso<\/td><\/tr><tr><td>Vocal Suplente<\/td><td>Carretti M\u00f3nica<\/td><\/tr><tr><td>Vocal Suplente<\/td><td>Otarola Valeria<\/td><\/tr><tr><td>Revisor de cuentas titular<\/td><td>Formica Natalia<\/td><\/tr><tr><td>Revisor de cuentas titular<\/td><td>Jares Florencia<\/td><\/tr><tr><td>Revisor de cuentas titular<\/td><td>G\u00f3mez Sebasti\u00e1n<\/td><\/tr><tr><td>Revisor de cuentas suplente<\/td><td>Descalzo Carla<\/td><\/tr><tr><td>Revisor de cuentas suplente<\/td><td>Barattini Fernando<\/td><\/tr><\/tbody><\/table><\/figure>\n\n\n\n<p><\/p>\n","protected":false},"excerpt":{"rendered":"<p>CARGO APELLIDO Y NOMBRE Presidente Bagal\u00e1 Leonardo Vicepresidente Le\u00f3n Esteban Secretario Cvitanich Sebasti\u00e1n Pro secretario Willi Pablo Tesorero Orqueida Sebasti\u00e1n Pro tesorero G\u00f3mez Pablo Vocal titular Sassone Leonardo Vocal titular Maglione Miguel Vocal titular Braillard Germ\u00e1n Vocal titular Ochoa Alberto Vocal titular Martig Marcos Vocal Suplente Canteli Luciana Vocal Suplente Dieser Aimar Lucas Vocal Suplente&hellip;<\/p>\n","protected":false},"author":1,"featured_media":0,"parent":0,"menu_order":0,"comment_status":"closed","ping_status":"closed","template":"","meta":{"footnotes":""},"class_list":["post-1576","page","type-page","status-publish","hentry"],"_links":{"self":[{"href":"http:\/\/crb.com.ar\/index.php?rest_route=\/wp\/v2\/pages\/1576","targetHints":{"allow":["GET"]}}],"collection":[{"href":"http:\/\/crb.com.ar\/index.php?rest_route=\/wp\/v2\/pages"}],"about":[{"href":"http:\/\/crb.com.ar\/index.php?rest_route=\/wp\/v2\/types\/page"}],"author":[{"embeddable":true,"href":"http:\/\/crb.com.ar\/index.php?rest_route=\/wp\/v2\/users\/1"}],"replies":[{"embeddable":true,"href":"http:\/\/crb.com.ar\/index.php?rest_route=%2Fwp%2Fv2%2Fcomments&post=1576"}],"version-history":[{"count":1,"href":"http:\/\/crb.com.ar\/index.php?rest_route=\/wp\/v2\/pages\/1576\/revisions"}],"predecessor-version":[{"id":1577,"href":"http:\/\/crb.com.ar\/index.php?rest_route=\/wp\/v2\/pages\/1576\/revisions\/1577"}],"wp:attachment":[{"href":"http:\/\/crb.com.ar\/index.php?rest_route=%2Fwp%2Fv2%2Fmedia&parent=1576"}],"curies":[{"name":"wp","href":"https:\/\/api.w.org\/{rel}","templated":true}]}}