{"id":1301,"date":"2024-03-21T23:50:03","date_gmt":"2024-03-21T23:50:03","guid":{"rendered":"https:\/\/crb.com.ar\/?page_id=1301"},"modified":"2026-04-01T19:45:13","modified_gmt":"2026-04-01T19:45:13","slug":"deportes-7","status":"publish","type":"page","link":"http:\/\/crb.com.ar\/?page_id=1301","title":{"rendered":"Deportes"},"content":{"rendered":"\n<p>Aqu\u00ed encontrar\u00e1s toda la informaci\u00f3n sobre las disciplinas deportivas que ofrece el Club de Regatas Baradero.<\/p>\n\n\n\n<p><strong>Vigencia: Abril 2026<\/strong><\/p>\n\n\n\n<figure class=\"wp-block-image size-full\"><img loading=\"lazy\" decoding=\"async\" width=\"1073\" height=\"1600\" src=\"https:\/\/crb.com.ar\/wp-content\/uploads\/2026\/04\/deportes202604-1.jpeg\" alt=\"\" class=\"wp-image-1705\" srcset=\"http:\/\/crb.com.ar\/wp-content\/uploads\/2026\/04\/deportes202604-1.jpeg 1073w, http:\/\/crb.com.ar\/wp-content\/uploads\/2026\/04\/deportes202604-1-201x300.jpeg 201w, http:\/\/crb.com.ar\/wp-content\/uploads\/2026\/04\/deportes202604-1-687x1024.jpeg 687w, http:\/\/crb.com.ar\/wp-content\/uploads\/2026\/04\/deportes202604-1-768x1145.jpeg 768w, http:\/\/crb.com.ar\/wp-content\/uploads\/2026\/04\/deportes202604-1-1030x1536.jpeg 1030w, http:\/\/crb.com.ar\/wp-content\/uploads\/2026\/04\/deportes202604-1-370x552.jpeg 370w\" sizes=\"auto, (max-width: 1073px) 100vw, 1073px\" \/><\/figure>\n\n\n\n<p><strong>(*)<\/strong> El valor de la actividad deportiva del No Socio se calcula en base al valor del Socio m\u00e1s el &#8220;Adicional No Socio&#8221; que es el 70% del valor de la cuota social dependiendo de la edad del deportista. El &#8220;Adicional No Socio&#8221; se cobrar\u00e1 en cada actividad que realice el No Socio.<\/p>\n\n\n\n<p>Para m\u00e1s detalles, por favor comunicarse a la secretar\u00eda del club 03329-605925 \/ 03329-308639 o por email a secretaria@crb.com.ar<\/p>\n\n\n\n<p>Si ten\u00e9s alguna consulta deportiva, tambi\u00e9n pod\u00e9s enviar un email a deportes@crb.com.ar<\/p>\n\n\n\n<p><\/p>\n","protected":false},"excerpt":{"rendered":"<p>Aqu\u00ed encontrar\u00e1s toda la informaci\u00f3n sobre las disciplinas deportivas que ofrece el Club de Regatas Baradero. Vigencia: Abril 2026 (*) El valor de la actividad deportiva del No Socio se calcula en base al valor del Socio m\u00e1s el &#8220;Adicional No Socio&#8221; que es el 70% del valor de la cuota social dependiendo de la&hellip;<\/p>\n","protected":false},"author":1,"featured_media":0,"parent":0,"menu_order":0,"comment_status":"closed","ping_status":"closed","template":"","meta":{"footnotes":""},"class_list":["post-1301","page","type-page","status-publish","hentry"],"_links":{"self":[{"href":"http:\/\/crb.com.ar\/index.php?rest_route=\/wp\/v2\/pages\/1301","targetHints":{"allow":["GET"]}}],"collection":[{"href":"http:\/\/crb.com.ar\/index.php?rest_route=\/wp\/v2\/pages"}],"about":[{"href":"http:\/\/crb.com.ar\/index.php?rest_route=\/wp\/v2\/types\/page"}],"author":[{"embeddable":true,"href":"http:\/\/crb.com.ar\/index.php?rest_route=\/wp\/v2\/users\/1"}],"replies":[{"embeddable":true,"href":"http:\/\/crb.com.ar\/index.php?rest_route=%2Fwp%2Fv2%2Fcomments&post=1301"}],"version-history":[{"count":31,"href":"http:\/\/crb.com.ar\/index.php?rest_route=\/wp\/v2\/pages\/1301\/revisions"}],"predecessor-version":[{"id":1706,"href":"http:\/\/crb.com.ar\/index.php?rest_route=\/wp\/v2\/pages\/1301\/revisions\/1706"}],"wp:attachment":[{"href":"http:\/\/crb.com.ar\/index.php?rest_route=%2Fwp%2Fv2%2Fmedia&parent=1301"}],"curies":[{"name":"wp","href":"https:\/\/api.w.org\/{rel}","templated":true}]}}