{"id":1277,"date":"2024-02-27T01:38:44","date_gmt":"2024-02-27T01:38:44","guid":{"rendered":"https:\/\/crb.com.ar\/?page_id=1277"},"modified":"2025-04-08T17:53:47","modified_gmt":"2025-04-08T17:53:47","slug":"autoridades-vigentes","status":"publish","type":"page","link":"http:\/\/crb.com.ar\/?page_id=1277","title":{"rendered":"Autoridades Vigentes"},"content":{"rendered":"\n<figure class=\"wp-block-table\"><table><tbody><tr><td><strong>CARGO<\/strong><\/td><td><strong>APELLIDO Y NOMBRE<\/strong><\/td><\/tr><tr><td>Presidente<\/td><td>Bagal\u00e1 Leonardo<\/td><\/tr><tr><td>Vicepresidente<\/td><td>Cvitanich Sebasti\u00e1n<\/td><\/tr><tr><td>Secretario<\/td><td>Gomila Juan Pablo<\/td><\/tr><tr><td>Pro secretario<\/td><td>Willi Pablo<\/td><\/tr><tr><td>Tesorero<\/td><td>Orqueida Sebasti\u00e1n<\/td><\/tr><tr><td>Pro tesorero<\/td><td>G\u00f3mez Pablo<\/td><\/tr><tr><td>Vocal titular<\/td><td>Sassone Leonardo<\/td><\/tr><tr><td>Vocal titular<\/td><td>Ochoa Alberto<\/td><\/tr><tr><td>Vocal titular<\/td><td>Martig Marcos<\/td><\/tr><tr><td>Vocal titular<\/td><td>Maglione Miguel<\/td><\/tr><tr><td>Vocal titular<\/td><td>Braillard Germ\u00e1n<\/td><\/tr><tr><td>Vocal Suplente<\/td><td>Giuffret Claudio Luis Hern\u00e1n<\/td><\/tr><tr><td>Vocal Suplente<\/td><td>Dieser Aimar Lucas<\/td><\/tr><tr><td>Vocal Suplente<\/td><td>Campillo Celso<\/td><\/tr><tr><td>Vocal Suplente<\/td><td>Carretti M\u00f3nica<\/td><\/tr><tr><td>Vocal Suplente<\/td><td>Otarola Valeria<\/td><\/tr><tr><td>Revisor de cuentas titular<\/td><td>Formica Natalia<\/td><\/tr><tr><td>Revisor de cuentas titular<\/td><td>G\u00f3mez Sebasti\u00e1n<\/td><\/tr><\/tbody><\/table><\/figure>\n","protected":false},"excerpt":{"rendered":"<p>CARGO APELLIDO Y NOMBRE Presidente Bagal\u00e1 Leonardo Vicepresidente Cvitanich Sebasti\u00e1n Secretario Gomila Juan Pablo Pro secretario Willi Pablo Tesorero Orqueida Sebasti\u00e1n Pro tesorero G\u00f3mez Pablo Vocal titular Sassone Leonardo Vocal titular Ochoa Alberto Vocal titular Martig Marcos Vocal titular Maglione Miguel Vocal titular Braillard Germ\u00e1n Vocal Suplente Giuffret Claudio Luis Hern\u00e1n Vocal Suplente Dieser Aimar&hellip;<\/p>\n","protected":false},"author":1,"featured_media":0,"parent":0,"menu_order":0,"comment_status":"closed","ping_status":"closed","template":"","meta":{"footnotes":""},"class_list":["post-1277","page","type-page","status-publish","hentry"],"_links":{"self":[{"href":"http:\/\/crb.com.ar\/index.php?rest_route=\/wp\/v2\/pages\/1277","targetHints":{"allow":["GET"]}}],"collection":[{"href":"http:\/\/crb.com.ar\/index.php?rest_route=\/wp\/v2\/pages"}],"about":[{"href":"http:\/\/crb.com.ar\/index.php?rest_route=\/wp\/v2\/types\/page"}],"author":[{"embeddable":true,"href":"http:\/\/crb.com.ar\/index.php?rest_route=\/wp\/v2\/users\/1"}],"replies":[{"embeddable":true,"href":"http:\/\/crb.com.ar\/index.php?rest_route=%2Fwp%2Fv2%2Fcomments&post=1277"}],"version-history":[{"count":7,"href":"http:\/\/crb.com.ar\/index.php?rest_route=\/wp\/v2\/pages\/1277\/revisions"}],"predecessor-version":[{"id":1585,"href":"http:\/\/crb.com.ar\/index.php?rest_route=\/wp\/v2\/pages\/1277\/revisions\/1585"}],"wp:attachment":[{"href":"http:\/\/crb.com.ar\/index.php?rest_route=%2Fwp%2Fv2%2Fmedia&parent=1277"}],"curies":[{"name":"wp","href":"https:\/\/api.w.org\/{rel}","templated":true}]}}