{"id":1023,"date":"2022-08-04T20:12:48","date_gmt":"2022-08-04T20:12:48","guid":{"rendered":"http:\/\/crb.com.ar\/?page_id=1023"},"modified":"2022-08-04T20:12:50","modified_gmt":"2022-08-04T20:12:50","slug":"reserva-de-salon-casita-para-eventos","status":"publish","type":"page","link":"http:\/\/crb.com.ar\/?page_id=1023","title":{"rendered":"Reserva de sal\u00f3n \/ casita para eventos"},"content":{"rendered":"\n<p>Acercate a la secretar\u00eda del club para verificar si hay disponibilidad y para iniciar la reserva. No se toman reservas telef\u00f3nicamente.<\/p>\n\n\n\n<p>\ud83d\udcc6 La reserva se puede realizar desde 30 d\u00edas antes a la fecha de evento<\/p>\n\n\n\n<p>\ud83c\udf82 La fecha del evento puede estar dentro de los 15 d\u00edas antes o 15 despu\u00e9s de la fecha de cumplea\u00f1os del Socio<\/p>\n\n\n\n<p>\u203c\ufe0f El tiempo m\u00e1ximo de espera para la presentaci\u00f3n de la planilla es de 10 d\u00edas antes de la fecha del evento, si no se presenta, se cae la reserva<\/p>\n\n\n\n<p><\/p>\n","protected":false},"excerpt":{"rendered":"<p>Acercate a la secretar\u00eda del club para verificar si hay disponibilidad y para iniciar la reserva. No se toman reservas telef\u00f3nicamente. \ud83d\udcc6 La reserva se puede realizar desde 30 d\u00edas antes a la fecha de evento \ud83c\udf82 La fecha del evento puede estar dentro de los 15 d\u00edas antes o 15 despu\u00e9s de la fecha&hellip;<\/p>\n","protected":false},"author":1,"featured_media":0,"parent":0,"menu_order":0,"comment_status":"closed","ping_status":"closed","template":"","meta":{"footnotes":""},"class_list":["post-1023","page","type-page","status-publish","hentry"],"_links":{"self":[{"href":"http:\/\/crb.com.ar\/index.php?rest_route=\/wp\/v2\/pages\/1023","targetHints":{"allow":["GET"]}}],"collection":[{"href":"http:\/\/crb.com.ar\/index.php?rest_route=\/wp\/v2\/pages"}],"about":[{"href":"http:\/\/crb.com.ar\/index.php?rest_route=\/wp\/v2\/types\/page"}],"author":[{"embeddable":true,"href":"http:\/\/crb.com.ar\/index.php?rest_route=\/wp\/v2\/users\/1"}],"replies":[{"embeddable":true,"href":"http:\/\/crb.com.ar\/index.php?rest_route=%2Fwp%2Fv2%2Fcomments&post=1023"}],"version-history":[{"count":1,"href":"http:\/\/crb.com.ar\/index.php?rest_route=\/wp\/v2\/pages\/1023\/revisions"}],"predecessor-version":[{"id":1024,"href":"http:\/\/crb.com.ar\/index.php?rest_route=\/wp\/v2\/pages\/1023\/revisions\/1024"}],"wp:attachment":[{"href":"http:\/\/crb.com.ar\/index.php?rest_route=%2Fwp%2Fv2%2Fmedia&parent=1023"}],"curies":[{"name":"wp","href":"https:\/\/api.w.org\/{rel}","templated":true}]}}